{"id":463,"date":"2024-02-07T08:53:16","date_gmt":"2024-02-07T07:53:16","guid":{"rendered":"https:\/\/captureetsens.com\/?page_id=463"},"modified":"2024-03-12T15:40:37","modified_gmt":"2024-03-12T14:40:37","slug":"seance-grossesse","status":"publish","type":"page","link":"https:\/\/captureetsens.com\/index.php\/seance-grossesse\/","title":{"rendered":"Grossesse"},"content":{"rendered":"\t\t<div data-elementor-type=\"wp-page\" data-elementor-id=\"463\" class=\"elementor elementor-463\">\n\t\t\t\t\t\t<section class=\"elementor-section elementor-top-section elementor-element elementor-element-28a87fe4 elementor-section-content-middle elementor-section-stretched elementor-section-boxed elementor-section-height-default elementor-section-height-default wpr-particle-no wpr-jarallax-no wpr-parallax-no wpr-sticky-section-no wpr-equal-height-no\" data-id=\"28a87fe4\" data-element_type=\"section\" data-e-type=\"section\" data-settings=\"{&quot;stretch_section&quot;:&quot;section-stretched&quot;}\">\n\t\t\t\t\t\t<div class=\"elementor-container elementor-column-gap-no\">\n\t\t\t\t\t<div class=\"elementor-column elementor-col-100 elementor-top-column elementor-element elementor-element-a760ac9\" data-id=\"a760ac9\" data-element_type=\"column\" data-e-type=\"column\">\n\t\t\t<div class=\"elementor-widget-wrap elementor-element-populated\">\n\t\t\t\t\t\t<div class=\"elementor-element elementor-element-7d8b97af elementor-widget elementor-widget-heading\" data-id=\"7d8b97af\" data-element_type=\"widget\" data-e-type=\"widget\" data-widget_type=\"heading.default\">\n\t\t\t\t<div class=\"elementor-widget-container\">\n\t\t\t\t\t<h4 class=\"elementor-heading-title elementor-size-default\">S\u00e9ance grossesse<\/h4>\t\t\t\t<\/div>\n\t\t\t\t<\/div>\n\t\t\t\t<div class=\"elementor-element elementor-element-5845c3ea elementor-widget elementor-widget-heading\" data-id=\"5845c3ea\" data-element_type=\"widget\" data-e-type=\"widget\" data-widget_type=\"heading.default\">\n\t\t\t\t<div class=\"elementor-widget-container\">\n\t\t\t\t\t<h5 class=\"elementor-heading-title elementor-size-default\"><span style=\"font-family: Roboto, sans-serif;font-size: 14px;font-style: normal;font-weight: 400;text-align: start\">L'arriv\u00e9e d'un nouvel \u00eatre dans votre vie est un moment magique et inoubliable. Choisissez le lieu qui vous parle, reflet de vos souvenirs et de votre histoire, et rejoignons-nous pour concocter ensemble une s\u00e9ance grossesse sur mesure !<\/span><\/h5>\t\t\t\t<\/div>\n\t\t\t\t<\/div>\n\t\t\t\t<div class=\"elementor-element elementor-element-58dd85c2 gallery-spacing-custom elementor-widget elementor-widget-image-gallery\" data-id=\"58dd85c2\" data-element_type=\"widget\" data-e-type=\"widget\" data-widget_type=\"image-gallery.default\">\n\t\t\t\t<div class=\"elementor-widget-container\">\n\t\t\t\t\t\t\t<div class=\"elementor-image-gallery\">\n\t\t\t<div id='gallery-1' class='gallery galleryid-463 gallery-columns-3 gallery-size-full'><figure class='gallery-item'>\n\t\t\t<div class='gallery-icon landscape'>\n\t\t\t\t<a data-elementor-open-lightbox=\"yes\" data-elementor-lightbox-slideshow=\"58dd85c2\" data-elementor-lightbox-title=\"Shooting grossesse Elise\" data-elementor-lightbox-description=\"Shooting grossesse Elise\" data-e-action-hash=\"#elementor-action%3Aaction%3Dlightbox%26settings%3DeyJpZCI6MzUsInVybCI6Imh0dHBzOlwvXC9jYXB0dXJlZXRzZW5zLmNvbVwvd3AtY29udGVudFwvdXBsb2Fkc1wvMjAyM1wvMDhcL3Bob3RvLWV4ZW1wbGUtNC1zY2FsZWQuanBnIiwic2xpZGVzaG93IjoiNThkZDg1YzIifQ%3D%3D\" href='https:\/\/captureetsens.com\/wp-content\/uploads\/2023\/08\/photo-exemple-4-scaled.jpg'><img fetchpriority=\"high\" decoding=\"async\" width=\"2560\" height=\"1707\" src=\"https:\/\/captureetsens.com\/wp-content\/uploads\/2023\/08\/photo-exemple-4-scaled.jpg\" class=\"attachment-full size-full\" alt=\"\" aria-describedby=\"gallery-1-35\" srcset=\"https:\/\/captureetsens.com\/wp-content\/uploads\/2023\/08\/photo-exemple-4-scaled.jpg 2560w, https:\/\/captureetsens.com\/wp-content\/uploads\/2023\/08\/photo-exemple-4-300x200.jpg 300w, https:\/\/captureetsens.com\/wp-content\/uploads\/2023\/08\/photo-exemple-4-1024x683.jpg 1024w, https:\/\/captureetsens.com\/wp-content\/uploads\/2023\/08\/photo-exemple-4-768x512.jpg 768w, https:\/\/captureetsens.com\/wp-content\/uploads\/2023\/08\/photo-exemple-4-1536x1024.jpg 1536w, https:\/\/captureetsens.com\/wp-content\/uploads\/2023\/08\/photo-exemple-4-2048x1365.jpg 2048w, https:\/\/captureetsens.com\/wp-content\/uploads\/2023\/08\/photo-exemple-4-scaled-1920x1280.jpg 1920w, https:\/\/captureetsens.com\/wp-content\/uploads\/2023\/08\/photo-exemple-4-scaled-1600x1067.jpg 1600w, https:\/\/captureetsens.com\/wp-content\/uploads\/2023\/08\/photo-exemple-4-scaled-1200x800.jpg 1200w, https:\/\/captureetsens.com\/wp-content\/uploads\/2023\/08\/photo-exemple-4-scaled-620x413.jpg 620w, https:\/\/captureetsens.com\/wp-content\/uploads\/2023\/08\/photo-exemple-4-scaled-400x267.jpg 400w\" sizes=\"(max-width: 2560px) 100vw, 2560px\" \/><\/a>\n\t\t\t<\/div>\n\t\t\t\t<figcaption class='wp-caption-text gallery-caption' id='gallery-1-35'>\n\t\t\t\tShooting grossesse Elise\n\t\t\t\t<\/figcaption><\/figure><figure class='gallery-item'>\n\t\t\t<div class='gallery-icon landscape'>\n\t\t\t\t<a data-elementor-open-lightbox=\"yes\" data-elementor-lightbox-slideshow=\"58dd85c2\" data-elementor-lightbox-title=\"Shooting grossesse Elise et Fran\u00e7ois\" data-elementor-lightbox-description=\"Shooting grossesse Elise et Fran\u00e7ois\" data-e-action-hash=\"#elementor-action%3Aaction%3Dlightbox%26settings%3DeyJpZCI6MjksInVybCI6Imh0dHBzOlwvXC9jYXB0dXJlZXRzZW5zLmNvbVwvd3AtY29udGVudFwvdXBsb2Fkc1wvMjAyM1wvMDhcL3Bob3RvLWV4ZW1wbGUtMi5qcGciLCJzbGlkZXNob3ciOiI1OGRkODVjMiJ9\" href='https:\/\/captureetsens.com\/wp-content\/uploads\/2023\/08\/photo-exemple-2.jpg'><img decoding=\"async\" width=\"6000\" height=\"4000\" src=\"https:\/\/captureetsens.com\/wp-content\/uploads\/2023\/08\/photo-exemple-2.jpg\" class=\"attachment-full size-full\" alt=\"\" aria-describedby=\"gallery-1-29\" \/><\/a>\n\t\t\t<\/div>\n\t\t\t\t<figcaption class='wp-caption-text gallery-caption' id='gallery-1-29'>\n\t\t\t\tShooting grossesse Elise et Fran\u00e7ois\n\t\t\t\t<\/figcaption><\/figure><figure class='gallery-item'>\n\t\t\t<div class='gallery-icon landscape'>\n\t\t\t\t<a data-elementor-open-lightbox=\"yes\" data-elementor-lightbox-slideshow=\"58dd85c2\" data-elementor-lightbox-title=\"shooting-grossesse-blandine_04-02-2024-70\" data-elementor-lightbox-description=\"Shooting grossesse Elise et Fran\u00e7ois\" data-e-action-hash=\"#elementor-action%3Aaction%3Dlightbox%26settings%3DeyJpZCI6NjYxLCJ1cmwiOiJodHRwczpcL1wvY2FwdHVyZWV0c2Vucy5jb21cL3dwLWNvbnRlbnRcL3VwbG9hZHNcLzIwMjRcLzAzXC9zaG9vdGluZy1ncm9zc2Vzc2UtYmxhbmRpbmVfMDQtMDItMjAyNC03MC1zY2FsZWQuanBnIiwic2xpZGVzaG93IjoiNThkZDg1YzIifQ%3D%3D\" href='https:\/\/captureetsens.com\/wp-content\/uploads\/2024\/03\/shooting-grossesse-blandine_04-02-2024-70-scaled.jpg'><img decoding=\"async\" width=\"2560\" height=\"1707\" src=\"https:\/\/captureetsens.com\/wp-content\/uploads\/2024\/03\/shooting-grossesse-blandine_04-02-2024-70-scaled.jpg\" class=\"attachment-full size-full\" alt=\"\" srcset=\"https:\/\/captureetsens.com\/wp-content\/uploads\/2024\/03\/shooting-grossesse-blandine_04-02-2024-70-scaled.jpg 2560w, https:\/\/captureetsens.com\/wp-content\/uploads\/2024\/03\/shooting-grossesse-blandine_04-02-2024-70-300x200.jpg 300w, https:\/\/captureetsens.com\/wp-content\/uploads\/2024\/03\/shooting-grossesse-blandine_04-02-2024-70-1024x683.jpg 1024w, https:\/\/captureetsens.com\/wp-content\/uploads\/2024\/03\/shooting-grossesse-blandine_04-02-2024-70-768x512.jpg 768w, https:\/\/captureetsens.com\/wp-content\/uploads\/2024\/03\/shooting-grossesse-blandine_04-02-2024-70-1536x1024.jpg 1536w, https:\/\/captureetsens.com\/wp-content\/uploads\/2024\/03\/shooting-grossesse-blandine_04-02-2024-70-2048x1365.jpg 2048w\" sizes=\"(max-width: 2560px) 100vw, 2560px\" \/><\/a>\n\t\t\t<\/div><\/figure><figure class='gallery-item'>\n\t\t\t<div class='gallery-icon landscape'>\n\t\t\t\t<a data-elementor-open-lightbox=\"yes\" data-elementor-lightbox-slideshow=\"58dd85c2\" data-elementor-lightbox-title=\"shooting-grossesse-blandine_04-02-2024-77\" data-elementor-lightbox-description=\"Shooting grossesse Elise et Fran\u00e7ois\" data-e-action-hash=\"#elementor-action%3Aaction%3Dlightbox%26settings%3DeyJpZCI6NjYzLCJ1cmwiOiJodHRwczpcL1wvY2FwdHVyZWV0c2Vucy5jb21cL3dwLWNvbnRlbnRcL3VwbG9hZHNcLzIwMjRcLzAzXC9zaG9vdGluZy1ncm9zc2Vzc2UtYmxhbmRpbmVfMDQtMDItMjAyNC03Ny1zY2FsZWQuanBnIiwic2xpZGVzaG93IjoiNThkZDg1YzIifQ%3D%3D\" href='https:\/\/captureetsens.com\/wp-content\/uploads\/2024\/03\/shooting-grossesse-blandine_04-02-2024-77-scaled.jpg'><img loading=\"lazy\" decoding=\"async\" width=\"2560\" height=\"1707\" src=\"https:\/\/captureetsens.com\/wp-content\/uploads\/2024\/03\/shooting-grossesse-blandine_04-02-2024-77-scaled.jpg\" class=\"attachment-full size-full\" alt=\"\" srcset=\"https:\/\/captureetsens.com\/wp-content\/uploads\/2024\/03\/shooting-grossesse-blandine_04-02-2024-77-scaled.jpg 2560w, https:\/\/captureetsens.com\/wp-content\/uploads\/2024\/03\/shooting-grossesse-blandine_04-02-2024-77-300x200.jpg 300w, https:\/\/captureetsens.com\/wp-content\/uploads\/2024\/03\/shooting-grossesse-blandine_04-02-2024-77-1024x683.jpg 1024w, https:\/\/captureetsens.com\/wp-content\/uploads\/2024\/03\/shooting-grossesse-blandine_04-02-2024-77-768x512.jpg 768w, https:\/\/captureetsens.com\/wp-content\/uploads\/2024\/03\/shooting-grossesse-blandine_04-02-2024-77-1536x1024.jpg 1536w, https:\/\/captureetsens.com\/wp-content\/uploads\/2024\/03\/shooting-grossesse-blandine_04-02-2024-77-2048x1365.jpg 2048w\" sizes=\"(max-width: 2560px) 100vw, 2560px\" \/><\/a>\n\t\t\t<\/div><\/figure><figure class='gallery-item'>\n\t\t\t<div class='gallery-icon landscape'>\n\t\t\t\t<a data-elementor-open-lightbox=\"yes\" data-elementor-lightbox-slideshow=\"58dd85c2\" data-elementor-lightbox-title=\"shooting-grossesse-blandine_04-02-2024-74\" data-elementor-lightbox-description=\"Shooting grossesse Elise et Fran\u00e7ois\" data-e-action-hash=\"#elementor-action%3Aaction%3Dlightbox%26settings%3DeyJpZCI6NjYyLCJ1cmwiOiJodHRwczpcL1wvY2FwdHVyZWV0c2Vucy5jb21cL3dwLWNvbnRlbnRcL3VwbG9hZHNcLzIwMjRcLzAzXC9zaG9vdGluZy1ncm9zc2Vzc2UtYmxhbmRpbmVfMDQtMDItMjAyNC03NC1zY2FsZWQuanBnIiwic2xpZGVzaG93IjoiNThkZDg1YzIifQ%3D%3D\" href='https:\/\/captureetsens.com\/wp-content\/uploads\/2024\/03\/shooting-grossesse-blandine_04-02-2024-74-scaled.jpg'><img loading=\"lazy\" decoding=\"async\" width=\"2560\" height=\"1875\" src=\"https:\/\/captureetsens.com\/wp-content\/uploads\/2024\/03\/shooting-grossesse-blandine_04-02-2024-74-scaled.jpg\" class=\"attachment-full size-full\" alt=\"\" srcset=\"https:\/\/captureetsens.com\/wp-content\/uploads\/2024\/03\/shooting-grossesse-blandine_04-02-2024-74-scaled.jpg 2560w, https:\/\/captureetsens.com\/wp-content\/uploads\/2024\/03\/shooting-grossesse-blandine_04-02-2024-74-300x220.jpg 300w, https:\/\/captureetsens.com\/wp-content\/uploads\/2024\/03\/shooting-grossesse-blandine_04-02-2024-74-1024x750.jpg 1024w, https:\/\/captureetsens.com\/wp-content\/uploads\/2024\/03\/shooting-grossesse-blandine_04-02-2024-74-768x562.jpg 768w, https:\/\/captureetsens.com\/wp-content\/uploads\/2024\/03\/shooting-grossesse-blandine_04-02-2024-74-1536x1125.jpg 1536w, https:\/\/captureetsens.com\/wp-content\/uploads\/2024\/03\/shooting-grossesse-blandine_04-02-2024-74-2048x1500.jpg 2048w\" sizes=\"(max-width: 2560px) 100vw, 2560px\" \/><\/a>\n\t\t\t<\/div><\/figure>\n\t\t<\/div>\n\t\t<\/div>\n\t\t\t\t\t\t<\/div>\n\t\t\t\t<\/div>\n\t\t\t\t\t<\/div>\n\t\t<\/div>\n\t\t\t\t\t<\/div>\n\t\t<\/section>\n\t\t\t\t<section class=\"elementor-section elementor-top-section elementor-element elementor-element-6fa33dd elementor-section-full_width elementor-section-stretched elementor-section-height-default elementor-section-height-default wpr-particle-no wpr-jarallax-no wpr-parallax-no wpr-sticky-section-no wpr-equal-height-no\" data-id=\"6fa33dd\" data-element_type=\"section\" data-e-type=\"section\" data-settings=\"{&quot;stretch_section&quot;:&quot;section-stretched&quot;}\">\n\t\t\t\t\t\t<div class=\"elementor-container elementor-column-gap-default\">\n\t\t\t\t\t<div class=\"elementor-column elementor-col-100 elementor-top-column elementor-element elementor-element-eec7b79\" data-id=\"eec7b79\" data-element_type=\"column\" data-e-type=\"column\">\n\t\t\t<div class=\"elementor-widget-wrap elementor-element-populated\">\n\t\t\t\t\t\t<div class=\"elementor-element elementor-element-0cc90ef elementor-align-center elementor-widget elementor-widget-button\" data-id=\"0cc90ef\" data-element_type=\"widget\" data-e-type=\"widget\" data-widget_type=\"button.default\">\n\t\t\t\t<div class=\"elementor-widget-container\">\n\t\t\t\t\t\t\t\t\t<div class=\"elementor-button-wrapper\">\n\t\t\t\t\t<a class=\"elementor-button elementor-button-link elementor-size-sm\" href=\"https:\/\/captureetsens.com\/index.php\/tarifs-2\/\">\n\t\t\t\t\t\t<span class=\"elementor-button-content-wrapper\">\n\t\t\t\t\t\t\t\t\t<span class=\"elementor-button-text\">Voir les tarifs<\/span>\n\t\t\t\t\t<\/span>\n\t\t\t\t\t<\/a>\n\t\t\t\t<\/div>\n\t\t\t\t\t\t\t\t<\/div>\n\t\t\t\t<\/div>\n\t\t\t\t\t<\/div>\n\t\t<\/div>\n\t\t\t\t\t<\/div>\n\t\t<\/section>\n\t\t\t\t<\/div>\n\t\t","protected":false},"excerpt":{"rendered":"<p>S\u00e9ance grossesse L&rsquo;arriv\u00e9e d&rsquo;un nouvel \u00eatre dans votre vie est un moment magique et inoubliable. Choisissez le lieu qui vous parle, reflet de vos souvenirs et de votre histoire, et rejoignons-nous pour concocter ensemble une s\u00e9ance grossesse sur mesure ! Shooting grossesse Elise Shooting grossesse Elise et Fran\u00e7ois Voir les tarifs<\/p>\n","protected":false},"author":1,"featured_media":0,"parent":0,"menu_order":0,"comment_status":"closed","ping_status":"closed","template":"","meta":{"ocean_post_layout":"","ocean_both_sidebars_style":"","ocean_both_sidebars_content_width":0,"ocean_both_sidebars_sidebars_width":0,"ocean_sidebar":"0","ocean_second_sidebar":"0","ocean_disable_margins":"enable","ocean_add_body_class":"","ocean_shortcode_before_top_bar":"","ocean_shortcode_after_top_bar":"","ocean_shortcode_before_header":"","ocean_shortcode_after_header":"","ocean_has_shortcode":"","ocean_shortcode_after_title":"","ocean_shortcode_before_footer_widgets":"","ocean_shortcode_after_footer_widgets":"","ocean_shortcode_before_footer_bottom":"","ocean_shortcode_after_footer_bottom":"","ocean_display_top_bar":"default","ocean_display_header":"default","ocean_header_style":"","ocean_center_header_left_menu":"0","ocean_custom_header_template":"0","ocean_custom_logo":0,"ocean_custom_retina_logo":0,"ocean_custom_logo_max_width":0,"ocean_custom_logo_tablet_max_width":0,"ocean_custom_logo_mobile_max_width":0,"ocean_custom_logo_max_height":0,"ocean_custom_logo_tablet_max_height":0,"ocean_custom_logo_mobile_max_height":0,"ocean_header_custom_menu":"0","ocean_menu_typo_font_family":"0","ocean_menu_typo_font_subset":"","ocean_menu_typo_font_size":0,"ocean_menu_typo_font_size_tablet":0,"ocean_menu_typo_font_size_mobile":0,"ocean_menu_typo_font_size_unit":"px","ocean_menu_typo_font_weight":"","ocean_menu_typo_font_weight_tablet":"","ocean_menu_typo_font_weight_mobile":"","ocean_menu_typo_transform":"","ocean_menu_typo_transform_tablet":"","ocean_menu_typo_transform_mobile":"","ocean_menu_typo_line_height":0,"ocean_menu_typo_line_height_tablet":0,"ocean_menu_typo_line_height_mobile":0,"ocean_menu_typo_line_height_unit":"","ocean_menu_typo_spacing":0,"ocean_menu_typo_spacing_tablet":0,"ocean_menu_typo_spacing_mobile":0,"ocean_menu_typo_spacing_unit":"","ocean_menu_link_color":"","ocean_menu_link_color_hover":"","ocean_menu_link_color_active":"","ocean_menu_link_background":"","ocean_menu_link_hover_background":"","ocean_menu_link_active_background":"","ocean_menu_social_links_bg":"","ocean_menu_social_hover_links_bg":"","ocean_menu_social_links_color":"","ocean_menu_social_hover_links_color":"","ocean_disable_title":"default","ocean_disable_heading":"default","ocean_post_title":"","ocean_post_subheading":"","ocean_post_title_style":"","ocean_post_title_background_color":"","ocean_post_title_background":0,"ocean_post_title_bg_image_position":"","ocean_post_title_bg_image_attachment":"","ocean_post_title_bg_image_repeat":"","ocean_post_title_bg_image_size":"","ocean_post_title_height":0,"ocean_post_title_bg_overlay":0.5,"ocean_post_title_bg_overlay_color":"","ocean_disable_breadcrumbs":"default","ocean_breadcrumbs_color":"","ocean_breadcrumbs_separator_color":"","ocean_breadcrumbs_links_color":"","ocean_breadcrumbs_links_hover_color":"","ocean_display_footer_widgets":"default","ocean_display_footer_bottom":"default","ocean_custom_footer_template":"0","footnotes":""},"class_list":["post-463","page","type-page","status-publish","hentry","entry"],"_links":{"self":[{"href":"https:\/\/captureetsens.com\/index.php\/wp-json\/wp\/v2\/pages\/463","targetHints":{"allow":["GET"]}}],"collection":[{"href":"https:\/\/captureetsens.com\/index.php\/wp-json\/wp\/v2\/pages"}],"about":[{"href":"https:\/\/captureetsens.com\/index.php\/wp-json\/wp\/v2\/types\/page"}],"author":[{"embeddable":true,"href":"https:\/\/captureetsens.com\/index.php\/wp-json\/wp\/v2\/users\/1"}],"replies":[{"embeddable":true,"href":"https:\/\/captureetsens.com\/index.php\/wp-json\/wp\/v2\/comments?post=463"}],"version-history":[{"count":42,"href":"https:\/\/captureetsens.com\/index.php\/wp-json\/wp\/v2\/pages\/463\/revisions"}],"predecessor-version":[{"id":666,"href":"https:\/\/captureetsens.com\/index.php\/wp-json\/wp\/v2\/pages\/463\/revisions\/666"}],"wp:attachment":[{"href":"https:\/\/captureetsens.com\/index.php\/wp-json\/wp\/v2\/media?parent=463"}],"curies":[{"name":"wp","href":"https:\/\/api.w.org\/{rel}","templated":true}]}}