{"id":201,"date":"2023-08-27T19:37:44","date_gmt":"2023-08-27T17:37:44","guid":{"rendered":"https:\/\/captureetsens.com\/?page_id=201"},"modified":"2024-02-09T09:46:55","modified_gmt":"2024-02-09T08:46:55","slug":"a-propos","status":"publish","type":"page","link":"https:\/\/captureetsens.com\/index.php\/a-propos\/","title":{"rendered":"A propos"},"content":{"rendered":"\t\t<div data-elementor-type=\"wp-page\" data-elementor-id=\"201\" class=\"elementor elementor-201\">\n\t\t\t\t\t\t<section class=\"elementor-section elementor-top-section elementor-element elementor-element-71f346b elementor-section-full_width elementor-section-stretched elementor-section-height-default elementor-section-height-default wpr-particle-no wpr-jarallax-no wpr-parallax-no wpr-sticky-section-no wpr-equal-height-no\" data-id=\"71f346b\" data-element_type=\"section\" data-e-type=\"section\" data-settings=\"{&quot;stretch_section&quot;:&quot;section-stretched&quot;}\">\n\t\t\t\t\t\t<div class=\"elementor-container elementor-column-gap-default\">\n\t\t\t\t\t<div class=\"elementor-column elementor-col-100 elementor-top-column elementor-element elementor-element-8da1b27\" data-id=\"8da1b27\" data-element_type=\"column\" data-e-type=\"column\">\n\t\t\t<div class=\"elementor-widget-wrap elementor-element-populated\">\n\t\t\t\t\t\t<div class=\"elementor-element elementor-element-33aa209 elementor-widget elementor-widget-heading\" data-id=\"33aa209\" data-element_type=\"widget\" data-e-type=\"widget\" data-widget_type=\"heading.default\">\n\t\t\t\t<div class=\"elementor-widget-container\">\n\t\t\t\t\t<h2 class=\"elementor-heading-title elementor-size-default\"><h1 data-elementor-setting-key=\"title\" data-pen-placeholder=\"\u00c9crivez ici...\" style=\"font-family: var( --e-global-typography-secondary-font-family ), Sans-serif;font-style: normal;font-weight: var( --e-global-typography-secondary-font-weight );text-align: center\"><span style=\"font-size: 23px;font-weight: 700\">Qui suis-je ?<\/span><\/h1><\/h2>\t\t\t\t<\/div>\n\t\t\t\t<\/div>\n\t\t\t\t\t<\/div>\n\t\t<\/div>\n\t\t\t\t\t<\/div>\n\t\t<\/section>\n\t\t\t\t<section class=\"elementor-section elementor-top-section elementor-element elementor-element-ad74f21 elementor-section-full_width elementor-section-stretched elementor-section-height-default elementor-section-height-default wpr-particle-no wpr-jarallax-no wpr-parallax-no wpr-sticky-section-no wpr-equal-height-no\" data-id=\"ad74f21\" data-element_type=\"section\" data-e-type=\"section\" data-settings=\"{&quot;stretch_section&quot;:&quot;section-stretched&quot;}\">\n\t\t\t\t\t\t<div class=\"elementor-container elementor-column-gap-default\">\n\t\t\t\t\t<div class=\"elementor-column elementor-col-50 elementor-top-column elementor-element elementor-element-840eb04\" data-id=\"840eb04\" data-element_type=\"column\" data-e-type=\"column\">\n\t\t\t<div class=\"elementor-widget-wrap elementor-element-populated\">\n\t\t\t\t\t\t<div class=\"elementor-element elementor-element-09a4ccc elementor-widget elementor-widget-image\" data-id=\"09a4ccc\" data-element_type=\"widget\" data-e-type=\"widget\" data-widget_type=\"image.default\">\n\t\t\t\t<div class=\"elementor-widget-container\">\n\t\t\t\t\t\t\t\t\t\t\t\t\t\t\t<img fetchpriority=\"high\" decoding=\"async\" width=\"572\" height=\"600\" src=\"https:\/\/captureetsens.com\/wp-content\/uploads\/2023\/09\/chouchou-572x600.png\" class=\"attachment-ocean-thumb-m size-ocean-thumb-m wp-image-282\" alt=\"\" \/>\t\t\t\t\t\t\t\t\t\t\t\t\t\t\t<\/div>\n\t\t\t\t<\/div>\n\t\t\t\t\t<\/div>\n\t\t<\/div>\n\t\t\t\t<div class=\"elementor-column elementor-col-50 elementor-top-column elementor-element elementor-element-ff1d6b1\" data-id=\"ff1d6b1\" data-element_type=\"column\" data-e-type=\"column\">\n\t\t\t<div class=\"elementor-widget-wrap elementor-element-populated\">\n\t\t\t\t\t\t<div class=\"elementor-element elementor-element-2d0a409 elementor-widget elementor-widget-text-editor\" data-id=\"2d0a409\" data-element_type=\"widget\" data-e-type=\"widget\" data-widget_type=\"text-editor.default\">\n\t\t\t\t<div class=\"elementor-widget-container\">\n\t\t\t\t\t\t\t\t\t<p>Je m&rsquo;appelle Maryne, et je suis amoureuse des \u00e9motions et de l&rsquo;humain !<\/p><p>Photographe bas\u00e9e \u00e0 B\u00e9ziers, je navigue dans les environs\u00a0<span style=\"font-family: Roboto, sans-serif; font-size: 14px; font-style: normal; font-variant-ligatures: normal; font-variant-caps: normal; font-weight: 400; color: var( --e-global-color-text );\">(Montpellier, Agde, P\u00e9zenas, Clermont l&rsquo;H\u00e9rault et son beau Lac du Salagou&#8230;)<\/span><span style=\"font-size: 14px; color: var( --e-global-color-text );\">\u00a0pour capturer vos moments les plus pr\u00e9cieux.<\/span><\/p><p><strong><span style=\"font-size: 14px; color: var( --e-global-color-text );\">Comment est n\u00e9 \u00ab\u00a0Capture et Sens\u00a0\u00bb ?<\/span><\/strong><\/p><p style=\"font-variant-ligatures: normal; font-variant-caps: normal; font-family: Roboto, sans-serif; font-size: 14px; font-style: normal; font-weight: 400;\">Une s\u00e9ance photos avec une demande en mariage au coucher de soleil, suivie d&rsquo;une balade en bateau et sortie en mer, un shooting rempli de complicit\u00e9 et de sentiments&#8230; voil\u00e0 le d\u00e9clic qui m&rsquo;a pouss\u00e9 \u00e0 me lancer dans la photographie !<\/p><p style=\"font-variant-ligatures: normal; font-variant-caps: normal; font-family: Roboto, sans-serif; font-size: 14px; font-style: normal; font-weight: 400;\">Quoi de plus beau que de capturer des moments uniques et charg\u00e9s d&rsquo;amour pour vous les retransmettre ensuite ? R\u00e9ussir \u00e0 saisir votre personnalit\u00e9 et illustrer les diff\u00e9rentes facettes que vous d\u00e9voilerez face \u00e0 mon objectif, tel sera mon challenge !<\/p><p style=\"font-variant-ligatures: normal; font-variant-caps: normal; font-family: Roboto, sans-serif; font-size: 14px; font-style: normal; font-weight: 400;\">Disponible pour que l&rsquo;on puisse \u00e9changer au maximum avant, pendant et apr\u00e8s la s\u00e9ance, je ferai tout pour vous mettre \u00e0 l&rsquo;aise et pour prendre les photos qui feront le mieux \u00e9cho aux souvenirs que vous souhaitez immortaliser.\u00a0<\/p>\t\t\t\t\t\t\t\t<\/div>\n\t\t\t\t<\/div>\n\t\t\t\t\t<\/div>\n\t\t<\/div>\n\t\t\t\t\t<\/div>\n\t\t<\/section>\n\t\t\t\t<\/div>\n\t\t","protected":false},"excerpt":{"rendered":"<p>Qui suis-je ? Je m&rsquo;appelle Maryne, et je suis amoureuse des \u00e9motions et de l&rsquo;humain ! Photographe bas\u00e9e \u00e0 B\u00e9ziers, je navigue dans les environs\u00a0(Montpellier, Agde, P\u00e9zenas, Clermont l&rsquo;H\u00e9rault et son beau Lac du Salagou&#8230;)\u00a0pour capturer vos moments les plus pr\u00e9cieux. Comment est n\u00e9 \u00ab\u00a0Capture et Sens\u00a0\u00bb ? Une s\u00e9ance photos avec une demande en mariage au coucher de soleil, suivie d&rsquo;une balade en bateau et sortie en mer, un shooting rempli de complicit\u00e9 et de sentiments&#8230; voil\u00e0 le d\u00e9clic qui m&rsquo;a pouss\u00e9 \u00e0 me lancer dans la photographie ! Quoi de plus beau que de capturer des moments uniques et charg\u00e9s d&rsquo;amour pour vous les retransmettre ensuite ? R\u00e9ussir \u00e0 saisir votre personnalit\u00e9 et illustrer les diff\u00e9rentes facettes que vous d\u00e9voilerez face \u00e0 mon objectif, tel sera mon challenge ! Disponible pour que l&rsquo;on puisse \u00e9changer au maximum avant, pendant et apr\u00e8s la s\u00e9ance, je ferai tout pour vous mettre \u00e0 l&rsquo;aise et pour prendre les photos qui feront le mieux \u00e9cho aux souvenirs que vous souhaitez immortaliser.\u00a0<\/p>\n","protected":false},"author":1,"featured_media":0,"parent":0,"menu_order":0,"comment_status":"closed","ping_status":"closed","template":"","meta":{"ocean_post_layout":"","ocean_both_sidebars_style":"","ocean_both_sidebars_content_width":0,"ocean_both_sidebars_sidebars_width":0,"ocean_sidebar":"0","ocean_second_sidebar":"0","ocean_disable_margins":"enable","ocean_add_body_class":"","ocean_shortcode_before_top_bar":"","ocean_shortcode_after_top_bar":"","ocean_shortcode_before_header":"","ocean_shortcode_after_header":"","ocean_has_shortcode":"","ocean_shortcode_after_title":"","ocean_shortcode_before_footer_widgets":"","ocean_shortcode_after_footer_widgets":"","ocean_shortcode_before_footer_bottom":"","ocean_shortcode_after_footer_bottom":"","ocean_display_top_bar":"default","ocean_display_header":"default","ocean_header_style":"","ocean_center_header_left_menu":"0","ocean_custom_header_template":"0","ocean_custom_logo":0,"ocean_custom_retina_logo":0,"ocean_custom_logo_max_width":0,"ocean_custom_logo_tablet_max_width":0,"ocean_custom_logo_mobile_max_width":0,"ocean_custom_logo_max_height":0,"ocean_custom_logo_tablet_max_height":0,"ocean_custom_logo_mobile_max_height":0,"ocean_header_custom_menu":"0","ocean_menu_typo_font_family":"0","ocean_menu_typo_font_subset":"","ocean_menu_typo_font_size":0,"ocean_menu_typo_font_size_tablet":0,"ocean_menu_typo_font_size_mobile":0,"ocean_menu_typo_font_size_unit":"px","ocean_menu_typo_font_weight":"","ocean_menu_typo_font_weight_tablet":"","ocean_menu_typo_font_weight_mobile":"","ocean_menu_typo_transform":"","ocean_menu_typo_transform_tablet":"","ocean_menu_typo_transform_mobile":"","ocean_menu_typo_line_height":0,"ocean_menu_typo_line_height_tablet":0,"ocean_menu_typo_line_height_mobile":0,"ocean_menu_typo_line_height_unit":"","ocean_menu_typo_spacing":0,"ocean_menu_typo_spacing_tablet":0,"ocean_menu_typo_spacing_mobile":0,"ocean_menu_typo_spacing_unit":"","ocean_menu_link_color":"","ocean_menu_link_color_hover":"","ocean_menu_link_color_active":"","ocean_menu_link_background":"","ocean_menu_link_hover_background":"","ocean_menu_link_active_background":"","ocean_menu_social_links_bg":"","ocean_menu_social_hover_links_bg":"","ocean_menu_social_links_color":"","ocean_menu_social_hover_links_color":"","ocean_disable_title":"default","ocean_disable_heading":"default","ocean_post_title":"","ocean_post_subheading":"","ocean_post_title_style":"","ocean_post_title_background_color":"","ocean_post_title_background":0,"ocean_post_title_bg_image_position":"","ocean_post_title_bg_image_attachment":"","ocean_post_title_bg_image_repeat":"","ocean_post_title_bg_image_size":"","ocean_post_title_height":0,"ocean_post_title_bg_overlay":0.5,"ocean_post_title_bg_overlay_color":"","ocean_disable_breadcrumbs":"default","ocean_breadcrumbs_color":"","ocean_breadcrumbs_separator_color":"","ocean_breadcrumbs_links_color":"","ocean_breadcrumbs_links_hover_color":"","ocean_display_footer_widgets":"default","ocean_display_footer_bottom":"default","ocean_custom_footer_template":"0","footnotes":""},"class_list":["post-201","page","type-page","status-publish","hentry","entry"],"_links":{"self":[{"href":"https:\/\/captureetsens.com\/index.php\/wp-json\/wp\/v2\/pages\/201","targetHints":{"allow":["GET"]}}],"collection":[{"href":"https:\/\/captureetsens.com\/index.php\/wp-json\/wp\/v2\/pages"}],"about":[{"href":"https:\/\/captureetsens.com\/index.php\/wp-json\/wp\/v2\/types\/page"}],"author":[{"embeddable":true,"href":"https:\/\/captureetsens.com\/index.php\/wp-json\/wp\/v2\/users\/1"}],"replies":[{"embeddable":true,"href":"https:\/\/captureetsens.com\/index.php\/wp-json\/wp\/v2\/comments?post=201"}],"version-history":[{"count":11,"href":"https:\/\/captureetsens.com\/index.php\/wp-json\/wp\/v2\/pages\/201\/revisions"}],"predecessor-version":[{"id":577,"href":"https:\/\/captureetsens.com\/index.php\/wp-json\/wp\/v2\/pages\/201\/revisions\/577"}],"wp:attachment":[{"href":"https:\/\/captureetsens.com\/index.php\/wp-json\/wp\/v2\/media?parent=201"}],"curies":[{"name":"wp","href":"https:\/\/api.w.org\/{rel}","templated":true}]}}